{"id":1882,"date":"2022-08-07T10:12:23","date_gmt":"2022-08-07T08:12:23","guid":{"rendered":"https:\/\/philsophro.fr\/?post_type=product&#038;p=1882"},"modified":"2022-08-10T11:14:23","modified_gmt":"2022-08-10T09:14:23","slug":"decouverte","status":"publish","type":"product","link":"https:\/\/philsophro.fr\/index.php\/produit\/decouverte\/","title":{"rendered":"S\u00e9ance d\u00e9couverte"},"content":{"rendered":"<p>S\u00e9ance d\u00e9couverte de la sophrologie<\/p>\n<p>La s\u00e9ance d\u00e9couverte est une s\u00e9ance unique vous propose<\/p>\n<ul>\n<li>des exercices de relaxation dynamique pour se relaxer et mieux respirer<\/li>\n<li>une sophronisation de base.<\/li>\n<\/ul>\n<p>&nbsp;<\/p>\n<p>Cette s\u00e9ance dure 60 mn environ.<\/p>\n<p>&nbsp;<\/p>\n","protected":false},"excerpt":{"rendered":"<p>S\u00e9ance d\u00e9couverte de la sophrologie La s\u00e9ance d\u00e9couverte est une s\u00e9ance unique vous propose des exercices de relaxation dynamique pour se relaxer et mieux respirer une sophronisation de base. &nbsp; Cette s\u00e9ance dure 60 mn environ. &nbsp;<\/p>\n","protected":false},"featured_media":1861,"template":"","meta":{"_uag_custom_page_level_css":"","neve_meta_sidebar":"","neve_meta_container":"","neve_meta_enable_content_width":"","neve_meta_content_width":0,"neve_meta_title_alignment":"","neve_meta_author_avatar":"","neve_post_elements_order":"","neve_meta_disable_header":"","neve_meta_disable_footer":"","neve_meta_disable_title":"","_themeisle_gutenberg_block_has_review":false},"product_brand":[],"product_cat":[28],"product_tag":[],"class_list":{"0":"post-1882","1":"product","2":"type-product","3":"status-publish","4":"has-post-thumbnail","6":"product_cat-seance","8":"first","9":"instock","10":"shipping-taxable","11":"purchasable","12":"product-type-simple"},"yoast_head":"<!-- This site is optimized with the Yoast SEO plugin v27.3 - https:\/\/yoast.com\/product\/yoast-seo-wordpress\/ -->\n<title>S\u00e9ance d\u00e9couverte - Philsophro<\/title>\n<meta name=\"description\" content=\"La s\u00e9ance d\u00e9couverte est une s\u00e9ance unique permettre d&#039;appr\u00e9hender une s\u00e9ance avec des exercices de relaxation dynamique et une sophronisation de base.\" \/>\n<meta name=\"robots\" content=\"index, follow, max-snippet:-1, max-image-preview:large, max-video-preview:-1\" \/>\n<link rel=\"canonical\" href=\"https:\/\/philsophro.fr\/index.php\/produit\/decouverte\/\" \/>\n<meta property=\"og:locale\" content=\"fr_FR\" \/>\n<meta property=\"og:type\" content=\"article\" \/>\n<meta property=\"og:title\" content=\"S\u00e9ance d\u00e9couverte - Philsophro\" \/>\n<meta property=\"og:description\" content=\"La s\u00e9ance d\u00e9couverte est une s\u00e9ance unique permettre d&#039;appr\u00e9hender une s\u00e9ance avec des exercices de relaxation dynamique et une sophronisation de base.\" \/>\n<meta property=\"og:url\" content=\"https:\/\/philsophro.fr\/index.php\/produit\/decouverte\/\" \/>\n<meta property=\"og:site_name\" content=\"Philsophro\" \/>\n<meta property=\"article:modified_time\" content=\"2022-08-10T09:14:23+00:00\" \/>\n<meta property=\"og:image\" content=\"https:\/\/philsophro.fr\/wp-content\/uploads\/2022\/08\/zen-balancing-pebbles-next-to-misty-lake.jpg\" \/>\n\t<meta property=\"og:image:width\" content=\"1400\" \/>\n\t<meta property=\"og:image:height\" content=\"933\" \/>\n\t<meta property=\"og:image:type\" content=\"image\/jpeg\" \/>\n<meta name=\"twitter:card\" content=\"summary_large_image\" \/>\n<meta name=\"twitter:label1\" content=\"Dur\u00e9e de lecture estim\u00e9e\" \/>\n\t<meta name=\"twitter:data1\" content=\"1 minute\" \/>\n<script type=\"application\/ld+json\" class=\"yoast-schema-graph\">{\"@context\":\"https:\\\/\\\/schema.org\",\"@graph\":[{\"@type\":\"WebPage\",\"@id\":\"https:\\\/\\\/philsophro.fr\\\/index.php\\\/produit\\\/decouverte\\\/\",\"url\":\"https:\\\/\\\/philsophro.fr\\\/index.php\\\/produit\\\/decouverte\\\/\",\"name\":\"S\u00e9ance d\u00e9couverte - Philsophro\",\"isPartOf\":{\"@id\":\"https:\\\/\\\/philsophro.fr\\\/#website\"},\"primaryImageOfPage\":{\"@id\":\"https:\\\/\\\/philsophro.fr\\\/index.php\\\/produit\\\/decouverte\\\/#primaryimage\"},\"image\":{\"@id\":\"https:\\\/\\\/philsophro.fr\\\/index.php\\\/produit\\\/decouverte\\\/#primaryimage\"},\"thumbnailUrl\":\"https:\\\/\\\/i0.wp.com\\\/philsophro.fr\\\/wp-content\\\/uploads\\\/2022\\\/08\\\/zen-balancing-pebbles-next-to-misty-lake.jpg?fit=1400%2C933&ssl=1\",\"datePublished\":\"2022-08-07T08:12:23+00:00\",\"dateModified\":\"2022-08-10T09:14:23+00:00\",\"description\":\"La s\u00e9ance d\u00e9couverte est une s\u00e9ance unique permettre d'appr\u00e9hender une s\u00e9ance avec des exercices de relaxation dynamique et une sophronisation de base.\",\"breadcrumb\":{\"@id\":\"https:\\\/\\\/philsophro.fr\\\/index.php\\\/produit\\\/decouverte\\\/#breadcrumb\"},\"inLanguage\":\"fr-FR\",\"potentialAction\":[{\"@type\":\"ReadAction\",\"target\":[\"https:\\\/\\\/philsophro.fr\\\/index.php\\\/produit\\\/decouverte\\\/\"]}]},{\"@type\":\"ImageObject\",\"inLanguage\":\"fr-FR\",\"@id\":\"https:\\\/\\\/philsophro.fr\\\/index.php\\\/produit\\\/decouverte\\\/#primaryimage\",\"url\":\"https:\\\/\\\/i0.wp.com\\\/philsophro.fr\\\/wp-content\\\/uploads\\\/2022\\\/08\\\/zen-balancing-pebbles-next-to-misty-lake.jpg?fit=1400%2C933&ssl=1\",\"contentUrl\":\"https:\\\/\\\/i0.wp.com\\\/philsophro.fr\\\/wp-content\\\/uploads\\\/2022\\\/08\\\/zen-balancing-pebbles-next-to-misty-lake.jpg?fit=1400%2C933&ssl=1\",\"width\":1400,\"height\":933,\"caption\":\"Zen balancing pebbles next to a misty lake.\"},{\"@type\":\"BreadcrumbList\",\"@id\":\"https:\\\/\\\/philsophro.fr\\\/index.php\\\/produit\\\/decouverte\\\/#breadcrumb\",\"itemListElement\":[{\"@type\":\"ListItem\",\"position\":1,\"name\":\"Accueil\",\"item\":\"https:\\\/\\\/philsophro.fr\\\/\"},{\"@type\":\"ListItem\",\"position\":2,\"name\":\"Boutique\",\"item\":\"https:\\\/\\\/philsophro.fr\\\/index.php\\\/boutique\\\/\"},{\"@type\":\"ListItem\",\"position\":3,\"name\":\"S\u00e9ance d\u00e9couverte\"}]},{\"@type\":\"WebSite\",\"@id\":\"https:\\\/\\\/philsophro.fr\\\/#website\",\"url\":\"https:\\\/\\\/philsophro.fr\\\/\",\"name\":\"Philsophro\",\"description\":\"\",\"publisher\":{\"@id\":\"https:\\\/\\\/philsophro.fr\\\/#organization\"},\"potentialAction\":[{\"@type\":\"SearchAction\",\"target\":{\"@type\":\"EntryPoint\",\"urlTemplate\":\"https:\\\/\\\/philsophro.fr\\\/?s={search_term_string}\"},\"query-input\":{\"@type\":\"PropertyValueSpecification\",\"valueRequired\":true,\"valueName\":\"search_term_string\"}}],\"inLanguage\":\"fr-FR\"},{\"@type\":\"Organization\",\"@id\":\"https:\\\/\\\/philsophro.fr\\\/#organization\",\"name\":\"Philsophro\",\"url\":\"https:\\\/\\\/philsophro.fr\\\/\",\"logo\":{\"@type\":\"ImageObject\",\"inLanguage\":\"fr-FR\",\"@id\":\"https:\\\/\\\/philsophro.fr\\\/#\\\/schema\\\/logo\\\/image\\\/\",\"url\":\"https:\\\/\\\/i0.wp.com\\\/philsophro.fr\\\/wp-content\\\/uploads\\\/2019\\\/10\\\/cropped-neve-yoga-logo-2.png?fit=106%2C100&ssl=1\",\"contentUrl\":\"https:\\\/\\\/i0.wp.com\\\/philsophro.fr\\\/wp-content\\\/uploads\\\/2019\\\/10\\\/cropped-neve-yoga-logo-2.png?fit=106%2C100&ssl=1\",\"width\":106,\"height\":100,\"caption\":\"Philsophro\"},\"image\":{\"@id\":\"https:\\\/\\\/philsophro.fr\\\/#\\\/schema\\\/logo\\\/image\\\/\"}}]}<\/script>\n<!-- \/ Yoast SEO plugin. -->","yoast_head_json":{"title":"S\u00e9ance d\u00e9couverte - Philsophro","description":"La s\u00e9ance d\u00e9couverte est une s\u00e9ance unique permettre d'appr\u00e9hender une s\u00e9ance avec des exercices de relaxation dynamique et une sophronisation de base.","robots":{"index":"index","follow":"follow","max-snippet":"max-snippet:-1","max-image-preview":"max-image-preview:large","max-video-preview":"max-video-preview:-1"},"canonical":"https:\/\/philsophro.fr\/index.php\/produit\/decouverte\/","og_locale":"fr_FR","og_type":"article","og_title":"S\u00e9ance d\u00e9couverte - Philsophro","og_description":"La s\u00e9ance d\u00e9couverte est une s\u00e9ance unique permettre d'appr\u00e9hender une s\u00e9ance avec des exercices de relaxation dynamique et une sophronisation de base.","og_url":"https:\/\/philsophro.fr\/index.php\/produit\/decouverte\/","og_site_name":"Philsophro","article_modified_time":"2022-08-10T09:14:23+00:00","og_image":[{"width":1400,"height":933,"url":"https:\/\/philsophro.fr\/wp-content\/uploads\/2022\/08\/zen-balancing-pebbles-next-to-misty-lake.jpg","type":"image\/jpeg"}],"twitter_card":"summary_large_image","twitter_misc":{"Dur\u00e9e de lecture estim\u00e9e":"1 minute"},"schema":{"@context":"https:\/\/schema.org","@graph":[{"@type":"WebPage","@id":"https:\/\/philsophro.fr\/index.php\/produit\/decouverte\/","url":"https:\/\/philsophro.fr\/index.php\/produit\/decouverte\/","name":"S\u00e9ance d\u00e9couverte - Philsophro","isPartOf":{"@id":"https:\/\/philsophro.fr\/#website"},"primaryImageOfPage":{"@id":"https:\/\/philsophro.fr\/index.php\/produit\/decouverte\/#primaryimage"},"image":{"@id":"https:\/\/philsophro.fr\/index.php\/produit\/decouverte\/#primaryimage"},"thumbnailUrl":"https:\/\/i0.wp.com\/philsophro.fr\/wp-content\/uploads\/2022\/08\/zen-balancing-pebbles-next-to-misty-lake.jpg?fit=1400%2C933&ssl=1","datePublished":"2022-08-07T08:12:23+00:00","dateModified":"2022-08-10T09:14:23+00:00","description":"La s\u00e9ance d\u00e9couverte est une s\u00e9ance unique permettre d'appr\u00e9hender une s\u00e9ance avec des exercices de relaxation dynamique et une sophronisation de base.","breadcrumb":{"@id":"https:\/\/philsophro.fr\/index.php\/produit\/decouverte\/#breadcrumb"},"inLanguage":"fr-FR","potentialAction":[{"@type":"ReadAction","target":["https:\/\/philsophro.fr\/index.php\/produit\/decouverte\/"]}]},{"@type":"ImageObject","inLanguage":"fr-FR","@id":"https:\/\/philsophro.fr\/index.php\/produit\/decouverte\/#primaryimage","url":"https:\/\/i0.wp.com\/philsophro.fr\/wp-content\/uploads\/2022\/08\/zen-balancing-pebbles-next-to-misty-lake.jpg?fit=1400%2C933&ssl=1","contentUrl":"https:\/\/i0.wp.com\/philsophro.fr\/wp-content\/uploads\/2022\/08\/zen-balancing-pebbles-next-to-misty-lake.jpg?fit=1400%2C933&ssl=1","width":1400,"height":933,"caption":"Zen balancing pebbles next to a misty lake."},{"@type":"BreadcrumbList","@id":"https:\/\/philsophro.fr\/index.php\/produit\/decouverte\/#breadcrumb","itemListElement":[{"@type":"ListItem","position":1,"name":"Accueil","item":"https:\/\/philsophro.fr\/"},{"@type":"ListItem","position":2,"name":"Boutique","item":"https:\/\/philsophro.fr\/index.php\/boutique\/"},{"@type":"ListItem","position":3,"name":"S\u00e9ance d\u00e9couverte"}]},{"@type":"WebSite","@id":"https:\/\/philsophro.fr\/#website","url":"https:\/\/philsophro.fr\/","name":"Philsophro","description":"","publisher":{"@id":"https:\/\/philsophro.fr\/#organization"},"potentialAction":[{"@type":"SearchAction","target":{"@type":"EntryPoint","urlTemplate":"https:\/\/philsophro.fr\/?s={search_term_string}"},"query-input":{"@type":"PropertyValueSpecification","valueRequired":true,"valueName":"search_term_string"}}],"inLanguage":"fr-FR"},{"@type":"Organization","@id":"https:\/\/philsophro.fr\/#organization","name":"Philsophro","url":"https:\/\/philsophro.fr\/","logo":{"@type":"ImageObject","inLanguage":"fr-FR","@id":"https:\/\/philsophro.fr\/#\/schema\/logo\/image\/","url":"https:\/\/i0.wp.com\/philsophro.fr\/wp-content\/uploads\/2019\/10\/cropped-neve-yoga-logo-2.png?fit=106%2C100&ssl=1","contentUrl":"https:\/\/i0.wp.com\/philsophro.fr\/wp-content\/uploads\/2019\/10\/cropped-neve-yoga-logo-2.png?fit=106%2C100&ssl=1","width":106,"height":100,"caption":"Philsophro"},"image":{"@id":"https:\/\/philsophro.fr\/#\/schema\/logo\/image\/"}}]}},"uagb_featured_image_src":{"full":["https:\/\/i0.wp.com\/philsophro.fr\/wp-content\/uploads\/2022\/08\/zen-balancing-pebbles-next-to-misty-lake.jpg?fit=1400%2C933&ssl=1",1400,933,false],"thumbnail":["https:\/\/i0.wp.com\/philsophro.fr\/wp-content\/uploads\/2022\/08\/zen-balancing-pebbles-next-to-misty-lake.jpg?resize=150%2C150&ssl=1",150,150,true],"medium":["https:\/\/i0.wp.com\/philsophro.fr\/wp-content\/uploads\/2022\/08\/zen-balancing-pebbles-next-to-misty-lake.jpg?fit=300%2C200&ssl=1",300,200,true],"medium_large":["https:\/\/i0.wp.com\/philsophro.fr\/wp-content\/uploads\/2022\/08\/zen-balancing-pebbles-next-to-misty-lake.jpg?fit=768%2C512&ssl=1",768,512,true],"large":["https:\/\/i0.wp.com\/philsophro.fr\/wp-content\/uploads\/2022\/08\/zen-balancing-pebbles-next-to-misty-lake.jpg?fit=1024%2C682&ssl=1",1024,682,true],"1536x1536":["https:\/\/i0.wp.com\/philsophro.fr\/wp-content\/uploads\/2022\/08\/zen-balancing-pebbles-next-to-misty-lake.jpg?fit=1400%2C933&ssl=1",1400,933,true],"2048x2048":["https:\/\/i0.wp.com\/philsophro.fr\/wp-content\/uploads\/2022\/08\/zen-balancing-pebbles-next-to-misty-lake.jpg?fit=1400%2C933&ssl=1",1400,933,true],"neve-blog":["https:\/\/i0.wp.com\/philsophro.fr\/wp-content\/uploads\/2022\/08\/zen-balancing-pebbles-next-to-misty-lake.jpg?resize=930%2C620&ssl=1",930,620,true],"woocommerce_thumbnail":["https:\/\/i0.wp.com\/philsophro.fr\/wp-content\/uploads\/2022\/08\/zen-balancing-pebbles-next-to-misty-lake.jpg?resize=300%2C300&ssl=1",300,300,true],"woocommerce_single":["https:\/\/i0.wp.com\/philsophro.fr\/wp-content\/uploads\/2022\/08\/zen-balancing-pebbles-next-to-misty-lake.jpg?fit=600%2C400&ssl=1",600,400,true],"woocommerce_gallery_thumbnail":["https:\/\/i0.wp.com\/philsophro.fr\/wp-content\/uploads\/2022\/08\/zen-balancing-pebbles-next-to-misty-lake.jpg?resize=100%2C100&ssl=1",100,100,true]},"uagb_author_info":{"display_name":"philippeleleu","author_link":"https:\/\/philsophro.fr\/index.php\/author\/"},"uagb_comment_info":0,"uagb_excerpt":"S\u00e9ance d\u00e9couverte de la sophrologie La s\u00e9ance d\u00e9couverte est une s\u00e9ance unique vous propose des exercices de relaxation dynamique pour se relaxer et mieux respirer une sophronisation de base. &nbsp; Cette s\u00e9ance dure 60 mn environ. &nbsp;","jetpack_sharing_enabled":true,"_links":{"self":[{"href":"https:\/\/philsophro.fr\/index.php\/wp-json\/wp\/v2\/product\/1882","targetHints":{"allow":["GET"]}}],"collection":[{"href":"https:\/\/philsophro.fr\/index.php\/wp-json\/wp\/v2\/product"}],"about":[{"href":"https:\/\/philsophro.fr\/index.php\/wp-json\/wp\/v2\/types\/product"}],"wp:featuredmedia":[{"embeddable":true,"href":"https:\/\/philsophro.fr\/index.php\/wp-json\/wp\/v2\/media\/1861"}],"wp:attachment":[{"href":"https:\/\/philsophro.fr\/index.php\/wp-json\/wp\/v2\/media?parent=1882"}],"wp:term":[{"taxonomy":"product_brand","embeddable":true,"href":"https:\/\/philsophro.fr\/index.php\/wp-json\/wp\/v2\/product_brand?post=1882"},{"taxonomy":"product_cat","embeddable":true,"href":"https:\/\/philsophro.fr\/index.php\/wp-json\/wp\/v2\/product_cat?post=1882"},{"taxonomy":"product_tag","embeddable":true,"href":"https:\/\/philsophro.fr\/index.php\/wp-json\/wp\/v2\/product_tag?post=1882"}],"curies":[{"name":"wp","href":"https:\/\/api.w.org\/{rel}","templated":true}]}}