{"id":445,"date":"2022-07-22T14:36:21","date_gmt":"2022-07-22T12:36:21","guid":{"rendered":"https:\/\/philsophro.fr\/index.php\/contact-2\/"},"modified":"2022-07-22T14:37:14","modified_gmt":"2022-07-22T12:37:14","slug":"contact-2","status":"publish","type":"page","link":"https:\/\/philsophro.fr\/index.php\/contact-2\/","title":{"rendered":"Contact"},"content":{"rendered":"\t\t<div data-elementor-type=\"wp-post\" data-elementor-id=\"445\" class=\"elementor elementor-445\">\n\t\t\t\t\t\t<section class=\"elementor-section elementor-top-section elementor-element elementor-element-755606c elementor-section-boxed elementor-section-height-default elementor-section-height-default\" data-id=\"755606c\" data-element_type=\"section\" data-e-type=\"section\">\n\t\t\t\t\t\t<div class=\"elementor-container elementor-column-gap-default\">\n\t\t\t\t\t<div class=\"elementor-column elementor-col-100 elementor-top-column elementor-element elementor-element-dcdd52d\" data-id=\"dcdd52d\" data-element_type=\"column\" data-e-type=\"column\">\n\t\t\t<div class=\"elementor-widget-wrap elementor-element-populated\">\n\t\t\t\t\t\t<div class=\"elementor-element elementor-element-3cccd38 elementor-widget elementor-widget-heading\" data-id=\"3cccd38\" data-element_type=\"widget\" data-e-type=\"widget\" data-widget_type=\"heading.default\">\n\t\t\t\t<div class=\"elementor-widget-container\">\n\t\t\t\t\t<h2 class=\"elementor-heading-title elementor-size-default\">Contact<\/h2>\t\t\t\t<\/div>\n\t\t\t\t<\/div>\n\t\t\t\t\t<\/div>\n\t\t<\/div>\n\t\t\t\t\t<\/div>\n\t\t<\/section>\n\t\t\t\t<section class=\"elementor-section elementor-top-section elementor-element elementor-element-66c41209 elementor-section-boxed elementor-section-height-default elementor-section-height-default\" data-id=\"66c41209\" data-element_type=\"section\" data-e-type=\"section\">\n\t\t\t\t\t\t<div class=\"elementor-container elementor-column-gap-default\">\n\t\t\t\t\t<div class=\"elementor-column elementor-col-50 elementor-top-column elementor-element elementor-element-5367e129\" data-id=\"5367e129\" data-element_type=\"column\" data-e-type=\"column\">\n\t\t\t<div class=\"elementor-widget-wrap elementor-element-populated\">\n\t\t\t\t\t\t<div class=\"elementor-element elementor-element-337dc887 elementor-widget elementor-widget-text-editor\" data-id=\"337dc887\" data-element_type=\"widget\" data-e-type=\"widget\" data-widget_type=\"text-editor.default\">\n\t\t\t\t<div class=\"elementor-widget-container\">\n\t\t\t\t\t\t\t\t\t<h2>Adresse<\/h2><p>13 Avenue de Tresserve<br \/>73100 Aix les Bains<\/p><h2>Phone<\/h2><p>06 72 22 60 87<\/p><h2>Email<\/h2><p>contact@philmassage.fr |<\/p><h2>Heures d&rsquo;ouverture<\/h2><p>Lundi \u2013 Samedi : 09:00 \u2013 20:00<\/p>\t\t\t\t\t\t\t\t<\/div>\n\t\t\t\t<\/div>\n\t\t\t\t\t<\/div>\n\t\t<\/div>\n\t\t\t\t<div class=\"elementor-column elementor-col-50 elementor-top-column elementor-element elementor-element-9fb4ba1\" data-id=\"9fb4ba1\" data-element_type=\"column\" data-e-type=\"column\">\n\t\t\t<div class=\"elementor-widget-wrap elementor-element-populated\">\n\t\t\t\t\t\t<div class=\"elementor-element elementor-element-73cd421 elementor-widget elementor-widget-wpforms\" data-id=\"73cd421\" data-element_type=\"widget\" data-e-type=\"widget\" data-widget_type=\"wpforms.default\">\n\t\t\t\t<div class=\"elementor-widget-container\">\n\t\t\t\t\t<div class=\"wpforms-container \" id=\"wpforms-38\"><form id=\"wpforms-form-38\" class=\"wpforms-validate wpforms-form\" data-formid=\"38\" method=\"post\" enctype=\"multipart\/form-data\" action=\"\/index.php\/wp-json\/wp\/v2\/pages\/445\" data-token=\"4d02d8f4957d3c5d2bf3b136b8416991\" data-token-time=\"1775858334\"><noscript class=\"wpforms-error-noscript\">Veuillez activer JavaScript dans votre navigateur pour remplir ce formulaire.<\/noscript><div class=\"wpforms-field-container\"><div id=\"wpforms-38-field_3-container\" class=\"wpforms-field wpforms-field-name\" data-field-id=\"3\"><label class=\"wpforms-field-label\" for=\"wpforms-38-field_3\">Nom <span class=\"wpforms-required-label\">*<\/span><\/label><input type=\"text\" id=\"wpforms-38-field_3\" class=\"wpforms-field-large wpforms-field-required\" name=\"wpforms[fields][3]\" placeholder=\"Nom\" required><\/div><div id=\"wpforms-38-field_4-container\" class=\"wpforms-field wpforms-field-name\" data-field-id=\"4\"><label class=\"wpforms-field-label\" for=\"wpforms-38-field_4\">T\u00e9l\u00e9phone <span class=\"wpforms-required-label\">*<\/span><\/label><input type=\"text\" id=\"wpforms-38-field_4\" class=\"wpforms-field-large wpforms-field-required\" name=\"wpforms[fields][4]\" placeholder=\"T\u00e9l\u00e9phone\" required><\/div><div id=\"wpforms-38-field_1-container\" class=\"wpforms-field wpforms-field-email\" data-field-id=\"1\"><label class=\"wpforms-field-label\" for=\"wpforms-38-field_1\">Email <span class=\"wpforms-required-label\">*<\/span><\/label><input type=\"email\" id=\"wpforms-38-field_1\" class=\"wpforms-field-large wpforms-field-required\" name=\"wpforms[fields][1]\" spellcheck=\"false\" required><\/div><div id=\"wpforms-38-field_5-container\" class=\"wpforms-field wpforms-field-textarea\" data-field-id=\"5\"><label class=\"wpforms-field-label\" for=\"wpforms-38-field_5\">Message<\/label><textarea id=\"wpforms-38-field_5\" class=\"wpforms-field-medium\" name=\"wpforms[fields][5]\" ><\/textarea><\/div><\/div><!-- .wpforms-field-container --><div class=\"wpforms-field wpforms-field-hp\"><label for=\"wpforms-38-field-hp\" class=\"wpforms-field-label\">Message<\/label><input type=\"text\" name=\"wpforms[hp]\" id=\"wpforms-38-field-hp\" class=\"wpforms-field-medium\"><\/div><div class=\"wpforms-submit-container\" ><input type=\"hidden\" name=\"wpforms[id]\" value=\"38\"><input type=\"hidden\" name=\"page_title\" value=\"\"><input type=\"hidden\" name=\"page_url\" value=\"https:\/\/philsophro.fr\/index.php\/wp-json\/wp\/v2\/pages\/445\"><input type=\"hidden\" name=\"url_referer\" value=\"\"><button type=\"submit\" name=\"wpforms[submit]\" id=\"wpforms-submit-38\" class=\"wpforms-submit\" data-alt-text=\"En cours d&#039;envoi ...\" data-submit-text=\"Envoyer\" aria-live=\"assertive\" value=\"wpforms-submit\">Envoyer<\/button><\/div><\/form><\/div>  <!-- .wpforms-container -->\t\t\t\t<\/div>\n\t\t\t\t<\/div>\n\t\t\t\t\t<\/div>\n\t\t<\/div>\n\t\t\t\t\t<\/div>\n\t\t<\/section>\n\t\t\t\t<section class=\"elementor-section elementor-top-section elementor-element elementor-element-c4ab914 elementor-section-boxed elementor-section-height-default elementor-section-height-default\" data-id=\"c4ab914\" data-element_type=\"section\" data-e-type=\"section\">\n\t\t\t\t\t\t<div class=\"elementor-container elementor-column-gap-default\">\n\t\t\t\t\t<div class=\"elementor-column elementor-col-100 elementor-top-column elementor-element elementor-element-cd8b7d1\" data-id=\"cd8b7d1\" data-element_type=\"column\" data-e-type=\"column\">\n\t\t\t<div class=\"elementor-widget-wrap elementor-element-populated\">\n\t\t\t\t\t\t<div class=\"elementor-element elementor-element-5954081 elementor-widget elementor-widget-shortcode\" data-id=\"5954081\" data-element_type=\"widget\" data-e-type=\"widget\" data-widget_type=\"shortcode.default\">\n\t\t\t\t<div class=\"elementor-widget-container\">\n\t\t\t\t\t\t\t<div class=\"elementor-shortcode\"><div id=\"lmm_28aa484b\" style=\"width:100%;\" class=\"mapsmarker markermap marker-1\">\n<div id=\"lmm_panel_28aa484b\" class=\"lmm-panel\" style=\"background:#efefef;\">\n<div id=\"lmm_panel_api_28aa484b\" class=\"lmm-panel-api\"><a href=\"https:\/\/maps.google.com\/maps?daddr=13+Avenue+de+Tresserve++Auvergne-Rh%C3%B4ne-Alpes%2C+France&amp;t=m&amp;layer=1&amp;doflg=ptk&amp;om=0\" target=\"_blank\" title=\"Obtenir l&#039;itin\u00e9raire\"><img data-recalc-dims=\"1\" decoding=\"async\" alt=\"icon-car.png\" src=\"https:\/\/i0.wp.com\/philsophro.fr\/wp-content\/plugins\/leaflet-maps-marker\/inc\/img\/icon-car.png?resize=14%2C14&#038;ssl=1\" width=\"14\" height=\"14\" class=\"lmm-panel-api-images\" \/><\/a><\/div><div id=\"lmm_panel_text_28aa484b\" class=\"lmm-panel-text\" style=\"font-weight:bold;color:#373737;\">Philsophro<\/div><\/div>\n<div id=\"lmm_map_28aa484b\" class=\"lmm-map\" style=\"background:#f6f6f6;border:1px solid #ccc;height:400px; overflow:hidden;padding:0;\"><p style=\"font-size:80%;color:#9f9e9e;margin-left:5px;\">chargement de la carte - veuillez patienter...<noscript><br\/><strong>La carte ne peut \u00eatre charg\u00e9e - s'il vous pla\u00eet activer Javascript !<\/strong><br\/><a style=\"text-decoration:none;\" href=\"https:\/\/www.mapsmarker.com\/js-disabled\" target=\"_blank\">&rarr; plus dginformations<\/a><\/noscript><\/p><\/div>\n<div id=\"lmm_geo_tags_28aa484b\" class=\"lmm-geo-tags geo\">\n<span class=\"paneltext\">Philsophro<\/span>\n<span class=\"latitude\">45.685616<\/span>, <span class=\"longitude\">5.911245<\/span>\n<span class=\"popuptext\"><\/span>\n<\/div>\n<\/div><\/div>\n\t\t\t\t\t\t<\/div>\n\t\t\t\t<\/div>\n\t\t\t\t\t<\/div>\n\t\t<\/div>\n\t\t\t\t\t<\/div>\n\t\t<\/section>\n\t\t\t\t<\/div>\n\t\t","protected":false},"excerpt":{"rendered":"<p>Contact Adresse 13 Avenue de Tresserve 73100 Aix les Bains Phone 06 72 22 60 87 Email contact@philmassage.fr | Heures d&rsquo;ouverture Lundi \u2013 Samedi : 09:00 \u2013 20:00<\/p>\n","protected":false},"author":1,"featured_media":0,"parent":0,"menu_order":0,"comment_status":"closed","ping_status":"closed","template":"","meta":{"_uag_custom_page_level_css":"","neve_meta_sidebar":"","neve_meta_container":"","neve_meta_enable_content_width":"","neve_meta_content_width":0,"neve_meta_title_alignment":"","neve_meta_author_avatar":"","neve_post_elements_order":"","neve_meta_disable_header":"","neve_meta_disable_footer":"","neve_meta_disable_title":"","_themeisle_gutenberg_block_has_review":false,"footnotes":""},"class_list":["post-445","page","type-page","status-publish","hentry"],"yoast_head":"<!-- This site is optimized with the Yoast SEO plugin v27.3 - https:\/\/yoast.com\/product\/yoast-seo-wordpress\/ -->\n<title>Contact - Philsophro<\/title>\n<meta name=\"robots\" content=\"index, follow, max-snippet:-1, max-image-preview:large, max-video-preview:-1\" \/>\n<link rel=\"canonical\" href=\"https:\/\/philsophro.fr\/index.php\/contact-2\/\" \/>\n<meta property=\"og:locale\" content=\"fr_FR\" \/>\n<meta property=\"og:type\" content=\"article\" \/>\n<meta property=\"og:title\" content=\"Contact - Philsophro\" \/>\n<meta property=\"og:description\" content=\"Contact Adresse 13 Avenue de Tresserve 73100 Aix les Bains Phone 06 72 22 60 87 Email contact@philmassage.fr | Heures d&rsquo;ouverture Lundi \u2013 Samedi : 09:00 \u2013 20:00\" \/>\n<meta property=\"og:url\" content=\"https:\/\/philsophro.fr\/index.php\/contact-2\/\" \/>\n<meta property=\"og:site_name\" content=\"Philsophro\" \/>\n<meta property=\"article:modified_time\" content=\"2022-07-22T12:37:14+00:00\" \/>\n<meta name=\"twitter:card\" content=\"summary_large_image\" \/>\n<meta name=\"twitter:label1\" content=\"Dur\u00e9e de lecture estim\u00e9e\" \/>\n\t<meta name=\"twitter:data1\" content=\"1 minute\" \/>\n<script type=\"application\/ld+json\" class=\"yoast-schema-graph\">{\"@context\":\"https:\\\/\\\/schema.org\",\"@graph\":[{\"@type\":\"WebPage\",\"@id\":\"https:\\\/\\\/philsophro.fr\\\/index.php\\\/contact-2\\\/\",\"url\":\"https:\\\/\\\/philsophro.fr\\\/index.php\\\/contact-2\\\/\",\"name\":\"Contact - Philsophro\",\"isPartOf\":{\"@id\":\"https:\\\/\\\/philsophro.fr\\\/#website\"},\"datePublished\":\"2022-07-22T12:36:21+00:00\",\"dateModified\":\"2022-07-22T12:37:14+00:00\",\"breadcrumb\":{\"@id\":\"https:\\\/\\\/philsophro.fr\\\/index.php\\\/contact-2\\\/#breadcrumb\"},\"inLanguage\":\"fr-FR\",\"potentialAction\":[{\"@type\":\"ReadAction\",\"target\":[\"https:\\\/\\\/philsophro.fr\\\/index.php\\\/contact-2\\\/\"]}]},{\"@type\":\"BreadcrumbList\",\"@id\":\"https:\\\/\\\/philsophro.fr\\\/index.php\\\/contact-2\\\/#breadcrumb\",\"itemListElement\":[{\"@type\":\"ListItem\",\"position\":1,\"name\":\"Accueil\",\"item\":\"https:\\\/\\\/philsophro.fr\\\/\"},{\"@type\":\"ListItem\",\"position\":2,\"name\":\"Contact\"}]},{\"@type\":\"WebSite\",\"@id\":\"https:\\\/\\\/philsophro.fr\\\/#website\",\"url\":\"https:\\\/\\\/philsophro.fr\\\/\",\"name\":\"Philsophro\",\"description\":\"\",\"publisher\":{\"@id\":\"https:\\\/\\\/philsophro.fr\\\/#organization\"},\"potentialAction\":[{\"@type\":\"SearchAction\",\"target\":{\"@type\":\"EntryPoint\",\"urlTemplate\":\"https:\\\/\\\/philsophro.fr\\\/?s={search_term_string}\"},\"query-input\":{\"@type\":\"PropertyValueSpecification\",\"valueRequired\":true,\"valueName\":\"search_term_string\"}}],\"inLanguage\":\"fr-FR\"},{\"@type\":\"Organization\",\"@id\":\"https:\\\/\\\/philsophro.fr\\\/#organization\",\"name\":\"Philsophro\",\"url\":\"https:\\\/\\\/philsophro.fr\\\/\",\"logo\":{\"@type\":\"ImageObject\",\"inLanguage\":\"fr-FR\",\"@id\":\"https:\\\/\\\/philsophro.fr\\\/#\\\/schema\\\/logo\\\/image\\\/\",\"url\":\"https:\\\/\\\/i0.wp.com\\\/philsophro.fr\\\/wp-content\\\/uploads\\\/2019\\\/10\\\/cropped-neve-yoga-logo-2.png?fit=106%2C100&ssl=1\",\"contentUrl\":\"https:\\\/\\\/i0.wp.com\\\/philsophro.fr\\\/wp-content\\\/uploads\\\/2019\\\/10\\\/cropped-neve-yoga-logo-2.png?fit=106%2C100&ssl=1\",\"width\":106,\"height\":100,\"caption\":\"Philsophro\"},\"image\":{\"@id\":\"https:\\\/\\\/philsophro.fr\\\/#\\\/schema\\\/logo\\\/image\\\/\"}}]}<\/script>\n<!-- \/ Yoast SEO plugin. -->","yoast_head_json":{"title":"Contact - Philsophro","robots":{"index":"index","follow":"follow","max-snippet":"max-snippet:-1","max-image-preview":"max-image-preview:large","max-video-preview":"max-video-preview:-1"},"canonical":"https:\/\/philsophro.fr\/index.php\/contact-2\/","og_locale":"fr_FR","og_type":"article","og_title":"Contact - Philsophro","og_description":"Contact Adresse 13 Avenue de Tresserve 73100 Aix les Bains Phone 06 72 22 60 87 Email contact@philmassage.fr | Heures d&rsquo;ouverture Lundi \u2013 Samedi : 09:00 \u2013 20:00","og_url":"https:\/\/philsophro.fr\/index.php\/contact-2\/","og_site_name":"Philsophro","article_modified_time":"2022-07-22T12:37:14+00:00","twitter_card":"summary_large_image","twitter_misc":{"Dur\u00e9e de lecture estim\u00e9e":"1 minute"},"schema":{"@context":"https:\/\/schema.org","@graph":[{"@type":"WebPage","@id":"https:\/\/philsophro.fr\/index.php\/contact-2\/","url":"https:\/\/philsophro.fr\/index.php\/contact-2\/","name":"Contact - Philsophro","isPartOf":{"@id":"https:\/\/philsophro.fr\/#website"},"datePublished":"2022-07-22T12:36:21+00:00","dateModified":"2022-07-22T12:37:14+00:00","breadcrumb":{"@id":"https:\/\/philsophro.fr\/index.php\/contact-2\/#breadcrumb"},"inLanguage":"fr-FR","potentialAction":[{"@type":"ReadAction","target":["https:\/\/philsophro.fr\/index.php\/contact-2\/"]}]},{"@type":"BreadcrumbList","@id":"https:\/\/philsophro.fr\/index.php\/contact-2\/#breadcrumb","itemListElement":[{"@type":"ListItem","position":1,"name":"Accueil","item":"https:\/\/philsophro.fr\/"},{"@type":"ListItem","position":2,"name":"Contact"}]},{"@type":"WebSite","@id":"https:\/\/philsophro.fr\/#website","url":"https:\/\/philsophro.fr\/","name":"Philsophro","description":"","publisher":{"@id":"https:\/\/philsophro.fr\/#organization"},"potentialAction":[{"@type":"SearchAction","target":{"@type":"EntryPoint","urlTemplate":"https:\/\/philsophro.fr\/?s={search_term_string}"},"query-input":{"@type":"PropertyValueSpecification","valueRequired":true,"valueName":"search_term_string"}}],"inLanguage":"fr-FR"},{"@type":"Organization","@id":"https:\/\/philsophro.fr\/#organization","name":"Philsophro","url":"https:\/\/philsophro.fr\/","logo":{"@type":"ImageObject","inLanguage":"fr-FR","@id":"https:\/\/philsophro.fr\/#\/schema\/logo\/image\/","url":"https:\/\/i0.wp.com\/philsophro.fr\/wp-content\/uploads\/2019\/10\/cropped-neve-yoga-logo-2.png?fit=106%2C100&ssl=1","contentUrl":"https:\/\/i0.wp.com\/philsophro.fr\/wp-content\/uploads\/2019\/10\/cropped-neve-yoga-logo-2.png?fit=106%2C100&ssl=1","width":106,"height":100,"caption":"Philsophro"},"image":{"@id":"https:\/\/philsophro.fr\/#\/schema\/logo\/image\/"}}]}},"uagb_featured_image_src":{"full":false,"thumbnail":false,"medium":false,"medium_large":false,"large":false,"1536x1536":false,"2048x2048":false,"neve-blog":false,"woocommerce_thumbnail":false,"woocommerce_single":false,"woocommerce_gallery_thumbnail":false},"uagb_author_info":{"display_name":"philippeleleu","author_link":"https:\/\/philsophro.fr\/index.php\/author\/philippeleleu\/"},"uagb_comment_info":0,"uagb_excerpt":"Contact Adresse 13 Avenue de Tresserve 73100 Aix les Bains Phone 06 72 22 60 87 Email contact@philmassage.fr | Heures d&rsquo;ouverture Lundi \u2013 Samedi : 09:00 \u2013 20:00","jetpack_sharing_enabled":true,"_links":{"self":[{"href":"https:\/\/philsophro.fr\/index.php\/wp-json\/wp\/v2\/pages\/445","targetHints":{"allow":["GET"]}}],"collection":[{"href":"https:\/\/philsophro.fr\/index.php\/wp-json\/wp\/v2\/pages"}],"about":[{"href":"https:\/\/philsophro.fr\/index.php\/wp-json\/wp\/v2\/types\/page"}],"author":[{"embeddable":true,"href":"https:\/\/philsophro.fr\/index.php\/wp-json\/wp\/v2\/users\/1"}],"replies":[{"embeddable":true,"href":"https:\/\/philsophro.fr\/index.php\/wp-json\/wp\/v2\/comments?post=445"}],"version-history":[{"count":24,"href":"https:\/\/philsophro.fr\/index.php\/wp-json\/wp\/v2\/pages\/445\/revisions"}],"predecessor-version":[{"id":1708,"href":"https:\/\/philsophro.fr\/index.php\/wp-json\/wp\/v2\/pages\/445\/revisions\/1708"}],"wp:attachment":[{"href":"https:\/\/philsophro.fr\/index.php\/wp-json\/wp\/v2\/media?parent=445"}],"curies":[{"name":"wp","href":"https:\/\/api.w.org\/{rel}","templated":true}]}}