{"id":1641,"date":"2022-07-19T23:58:52","date_gmt":"2022-07-19T21:58:52","guid":{"rendered":"https:\/\/philsophro.fr\/?page_id=1641"},"modified":"2022-08-03T14:01:49","modified_gmt":"2022-08-03T12:01:49","slug":"seance","status":"publish","type":"page","link":"https:\/\/philsophro.fr\/index.php\/seance\/","title":{"rendered":"S\u00e9ance"},"content":{"rendered":"\t\t<div data-elementor-type=\"wp-page\" data-elementor-id=\"1641\" class=\"elementor elementor-1641\">\n\t\t\t\t\t\t<section class=\"elementor-section elementor-top-section elementor-element elementor-element-24b2cb33 elementor-section-boxed elementor-section-height-default elementor-section-height-default\" data-id=\"24b2cb33\" data-element_type=\"section\" data-e-type=\"section\">\n\t\t\t\t\t\t<div class=\"elementor-container elementor-column-gap-default\">\n\t\t\t\t\t<div class=\"elementor-column elementor-col-100 elementor-top-column elementor-element elementor-element-19f96dfb\" data-id=\"19f96dfb\" data-element_type=\"column\" data-e-type=\"column\">\n\t\t\t<div class=\"elementor-widget-wrap elementor-element-populated\">\n\t\t\t\t\t\t<div class=\"elementor-element elementor-element-3218bbb elementor-widget elementor-widget-heading\" data-id=\"3218bbb\" data-element_type=\"widget\" data-e-type=\"widget\" data-widget_type=\"heading.default\">\n\t\t\t\t<div class=\"elementor-widget-container\">\n\t\t\t\t\t<h1 class=\"elementor-heading-title elementor-size-default\">S\u00e9ance<\/h1>\t\t\t\t<\/div>\n\t\t\t\t<\/div>\n\t\t\t\t<div class=\"elementor-element elementor-element-244367fc elementor-widget elementor-widget-text-editor\" data-id=\"244367fc\" data-element_type=\"widget\" data-e-type=\"widget\" data-widget_type=\"text-editor.default\">\n\t\t\t\t<div class=\"elementor-widget-container\">\n\t\t\t\t\t\t\t\t\t<p><\/p>\n<p>La s\u00e9ance individuelle est toujours personnalis\u00e9e et adapt\u00e9e \u00e0 votre probl\u00e9matique et vos objectifs.<\/p>\n<p>La premi\u00e8re s\u00e9ance ou s\u00e9ance de d\u00e9couverte va permettre de faire connaissance plus en profondeur. Ce premier dialogue va permettre d&rsquo;exposer votre probl\u00e9matique, de d\u00e9finir vos priorit\u00e9s et permettre ensuite d&rsquo;\u00e9laborer un protocole et un accompagnement pour r\u00e9pondre au mieux \u00e0 vos objectifs. <br>Cette premi\u00e8re s\u00e9ance dure entre 1h et 1h30.<\/p>\n<p>Les s\u00e9ances suivantes sont plus courtes (entre 45 mn et&nbsp; 1h) mais r\u00e9pondent toujours \u00e0 un objectif et une intention particuli\u00e8re.<\/p>\n<p><\/p>\n<p><\/p>\n<p><\/p>\t\t\t\t\t\t\t\t<\/div>\n\t\t\t\t<\/div>\n\t\t\t\t\t<\/div>\n\t\t<\/div>\n\t\t\t\t\t<\/div>\n\t\t<\/section>\n\t\t\t\t<section class=\"elementor-section elementor-top-section elementor-element elementor-element-e2f6ebe elementor-section-boxed elementor-section-height-default elementor-section-height-default\" data-id=\"e2f6ebe\" data-element_type=\"section\" data-e-type=\"section\">\n\t\t\t\t\t\t<div class=\"elementor-container elementor-column-gap-default\">\n\t\t\t\t\t<div class=\"elementor-column elementor-col-100 elementor-top-column elementor-element elementor-element-287ed7b\" data-id=\"287ed7b\" data-element_type=\"column\" data-e-type=\"column\">\n\t\t\t<div class=\"elementor-widget-wrap elementor-element-populated\">\n\t\t\t\t\t\t<section class=\"elementor-section elementor-inner-section elementor-element elementor-element-437af48 elementor-section-boxed elementor-section-height-default elementor-section-height-default\" data-id=\"437af48\" data-element_type=\"section\" data-e-type=\"section\" data-settings=\"{&quot;background_background&quot;:&quot;classic&quot;}\">\n\t\t\t\t\t\t<div class=\"elementor-container elementor-column-gap-default\">\n\t\t\t\t\t<div class=\"elementor-column elementor-col-33 elementor-inner-column elementor-element elementor-element-3a3495f\" data-id=\"3a3495f\" data-element_type=\"column\" data-e-type=\"column\" data-settings=\"{&quot;background_background&quot;:&quot;classic&quot;}\">\n\t\t\t<div class=\"elementor-widget-wrap elementor-element-populated\">\n\t\t\t\t\t\t<div class=\"elementor-element elementor-element-1d86de7 elementor-view-default elementor-position-block-start elementor-mobile-position-block-start elementor-widget elementor-widget-icon-box\" data-id=\"1d86de7\" data-element_type=\"widget\" data-e-type=\"widget\" data-widget_type=\"icon-box.default\">\n\t\t\t\t<div class=\"elementor-widget-container\">\n\t\t\t\t\t\t\t<div class=\"elementor-icon-box-wrapper\">\n\n\t\t\t\t\t\t<div class=\"elementor-icon-box-icon\">\n\t\t\t\t<span  class=\"elementor-icon\">\n\t\t\t\t<i aria-hidden=\"true\" class=\"fas fa-male\"><\/i>\t\t\t\t<\/span>\n\t\t\t<\/div>\n\t\t\t\n\t\t\t\t\t\t<div class=\"elementor-icon-box-content\">\n\n\t\t\t\t\t\t\t\t\t<h3 class=\"elementor-icon-box-title\">\n\t\t\t\t\t\t<span  >\n\t\t\t\t\t\t\tCabinet\t\t\t\t\t\t<\/span>\n\t\t\t\t\t<\/h3>\n\t\t\t\t\n\t\t\t\t\t\t\t\t\t<p class=\"elementor-icon-box-description\">\n\t\t\t\t\t\tS\u00e9ance inviduelle au cabinet\n\t\t\t\t\t<\/p>\n\t\t\t\t\n\t\t\t<\/div>\n\t\t\t\n\t\t<\/div>\n\t\t\t\t\t\t<\/div>\n\t\t\t\t<\/div>\n\t\t\t\t<div class=\"elementor-element elementor-element-3b69edc elementor-align-center elementor-widget elementor-widget-button\" data-id=\"3b69edc\" data-element_type=\"widget\" data-e-type=\"widget\" data-widget_type=\"button.default\">\n\t\t\t\t<div class=\"elementor-widget-container\">\n\t\t\t\t\t\t\t\t\t<div class=\"elementor-button-wrapper\">\n\t\t\t\t\t<a class=\"elementor-button elementor-button-link elementor-size-lg\" href=\"#\">\n\t\t\t\t\t\t<span class=\"elementor-button-content-wrapper\">\n\t\t\t\t\t\t\t\t\t<span class=\"elementor-button-text\">60 \u20ac<\/span>\n\t\t\t\t\t<\/span>\n\t\t\t\t\t<\/a>\n\t\t\t\t<\/div>\n\t\t\t\t\t\t\t\t<\/div>\n\t\t\t\t<\/div>\n\t\t\t\t\t<\/div>\n\t\t<\/div>\n\t\t\t\t<div class=\"elementor-column elementor-col-33 elementor-inner-column elementor-element elementor-element-430bcfc\" data-id=\"430bcfc\" data-element_type=\"column\" data-e-type=\"column\">\n\t\t\t<div class=\"elementor-widget-wrap\">\n\t\t\t\t\t\t\t<\/div>\n\t\t<\/div>\n\t\t\t\t<div class=\"elementor-column elementor-col-33 elementor-inner-column elementor-element elementor-element-d3cffd0\" data-id=\"d3cffd0\" data-element_type=\"column\" data-e-type=\"column\" data-settings=\"{&quot;background_background&quot;:&quot;classic&quot;}\">\n\t\t\t<div class=\"elementor-widget-wrap elementor-element-populated\">\n\t\t\t\t\t\t<div class=\"elementor-element elementor-element-42c67a7 elementor-view-default elementor-position-block-start elementor-mobile-position-block-start elementor-widget elementor-widget-icon-box\" data-id=\"42c67a7\" data-element_type=\"widget\" data-e-type=\"widget\" data-widget_type=\"icon-box.default\">\n\t\t\t\t<div class=\"elementor-widget-container\">\n\t\t\t\t\t\t\t<div class=\"elementor-icon-box-wrapper\">\n\n\t\t\t\t\t\t<div class=\"elementor-icon-box-icon\">\n\t\t\t\t<span  class=\"elementor-icon\">\n\t\t\t\t<i aria-hidden=\"true\" class=\"fas fa-home\"><\/i>\t\t\t\t<\/span>\n\t\t\t<\/div>\n\t\t\t\n\t\t\t\t\t\t<div class=\"elementor-icon-box-content\">\n\n\t\t\t\t\t\t\t\t\t<h3 class=\"elementor-icon-box-title\">\n\t\t\t\t\t\t<span  >\n\t\t\t\t\t\t\tDomicile\t\t\t\t\t\t<\/span>\n\t\t\t\t\t<\/h3>\n\t\t\t\t\n\t\t\t\t\t\t\t\t\t<p class=\"elementor-icon-box-description\">\n\t\t\t\t\t\tS\u00e9ance inviduelle \u00e0 domicile\n\t\t\t\t\t<\/p>\n\t\t\t\t\n\t\t\t<\/div>\n\t\t\t\n\t\t<\/div>\n\t\t\t\t\t\t<\/div>\n\t\t\t\t<\/div>\n\t\t\t\t<div class=\"elementor-element elementor-element-f501597 elementor-align-center elementor-widget elementor-widget-button\" data-id=\"f501597\" data-element_type=\"widget\" data-e-type=\"widget\" data-widget_type=\"button.default\">\n\t\t\t\t<div class=\"elementor-widget-container\">\n\t\t\t\t\t\t\t\t\t<div class=\"elementor-button-wrapper\">\n\t\t\t\t\t<a class=\"elementor-button elementor-button-link elementor-size-lg\" href=\"#\">\n\t\t\t\t\t\t<span class=\"elementor-button-content-wrapper\">\n\t\t\t\t\t\t\t\t\t<span class=\"elementor-button-text\">70 \u20ac<\/span>\n\t\t\t\t\t<\/span>\n\t\t\t\t\t<\/a>\n\t\t\t\t<\/div>\n\t\t\t\t\t\t\t\t<\/div>\n\t\t\t\t<\/div>\n\t\t\t\t\t<\/div>\n\t\t<\/div>\n\t\t\t\t\t<\/div>\n\t\t<\/section>\n\t\t\t\t<div class=\"elementor-element elementor-element-a93351e elementor-widget elementor-widget-spacer\" data-id=\"a93351e\" data-element_type=\"widget\" data-e-type=\"widget\" data-widget_type=\"spacer.default\">\n\t\t\t\t<div class=\"elementor-widget-container\">\n\t\t\t\t\t\t\t<div class=\"elementor-spacer\">\n\t\t\t<div class=\"elementor-spacer-inner\"><\/div>\n\t\t<\/div>\n\t\t\t\t\t\t<\/div>\n\t\t\t\t<\/div>\n\t\t\t\t<div class=\"elementor-element elementor-element-d6b4efd elementor-widget elementor-widget-text-editor\" data-id=\"d6b4efd\" data-element_type=\"widget\" data-e-type=\"widget\" data-widget_type=\"text-editor.default\">\n\t\t\t\t<div class=\"elementor-widget-container\">\n\t\t\t\t\t\t\t\t\t<p>R\u00e9glement possible : Ch\u00e8que, esp\u00e8ces ou CB<\/p>\n<p>Certaines mutuelles prennent en charge les s\u00e9ances de sophrologie. Renseignez-vous aupr\u00e8s de votre organisme.<\/p>\n<p>\u00a0<\/p>\t\t\t\t\t\t\t\t<\/div>\n\t\t\t\t<\/div>\n\t\t\t\t\t<\/div>\n\t\t<\/div>\n\t\t\t\t\t<\/div>\n\t\t<\/section>\n\t\t\t\t<\/div>\n\t\t","protected":false},"excerpt":{"rendered":"<p>S\u00e9ance La s\u00e9ance individuelle est toujours personnalis\u00e9e et adapt\u00e9e \u00e0 votre probl\u00e9matique et vos objectifs. La premi\u00e8re s\u00e9ance ou s\u00e9ance de d\u00e9couverte va permettre de faire connaissance plus en profondeur. Ce premier dialogue va permettre d&rsquo;exposer votre probl\u00e9matique, de d\u00e9finir vos priorit\u00e9s et permettre ensuite d&rsquo;\u00e9laborer un protocole et un accompagnement pour r\u00e9pondre au mieux&hellip;&nbsp;<a href=\"https:\/\/philsophro.fr\/index.php\/seance\/\" class=\"\" rel=\"bookmark\">Lire la suite &raquo;<span class=\"screen-reader-text\">S\u00e9ance<\/span><\/a><\/p>\n","protected":false},"author":1,"featured_media":0,"parent":0,"menu_order":0,"comment_status":"closed","ping_status":"closed","template":"","meta":{"_uag_custom_page_level_css":"","neve_meta_sidebar":"","neve_meta_container":"","neve_meta_enable_content_width":"","neve_meta_content_width":0,"neve_meta_title_alignment":"","neve_meta_author_avatar":"","neve_post_elements_order":"","neve_meta_disable_header":"","neve_meta_disable_footer":"","neve_meta_disable_title":"","_themeisle_gutenberg_block_has_review":false,"footnotes":""},"class_list":["post-1641","page","type-page","status-publish","hentry"],"yoast_head":"<!-- This site is optimized with the Yoast SEO plugin v27.3 - https:\/\/yoast.com\/product\/yoast-seo-wordpress\/ -->\n<title>S\u00e9ance - Philsophro<\/title>\n<meta name=\"description\" content=\"Informations sur le d\u00e9roulement d&#039;une s\u00e9ance individuelle ou collective, les r\u00e8gles \u00e0 respecter et les tarifs propos\u00e9s\" \/>\n<meta name=\"robots\" content=\"index, follow, max-snippet:-1, max-image-preview:large, max-video-preview:-1\" \/>\n<link rel=\"canonical\" href=\"https:\/\/philsophro.fr\/index.php\/seance\/\" \/>\n<meta property=\"og:locale\" content=\"fr_FR\" \/>\n<meta property=\"og:type\" content=\"article\" \/>\n<meta property=\"og:title\" content=\"S\u00e9ance - Philsophro\" \/>\n<meta property=\"og:description\" content=\"Informations sur le d\u00e9roulement d&#039;une s\u00e9ance individuelle ou collective, les r\u00e8gles \u00e0 respecter et les tarifs propos\u00e9s\" \/>\n<meta property=\"og:url\" content=\"https:\/\/philsophro.fr\/index.php\/seance\/\" \/>\n<meta property=\"og:site_name\" content=\"Philsophro\" \/>\n<meta property=\"article:modified_time\" content=\"2022-08-03T12:01:49+00:00\" \/>\n<meta name=\"twitter:card\" content=\"summary_large_image\" \/>\n<meta name=\"twitter:label1\" content=\"Dur\u00e9e de lecture estim\u00e9e\" \/>\n\t<meta name=\"twitter:data1\" content=\"1 minute\" \/>\n<script type=\"application\/ld+json\" class=\"yoast-schema-graph\">{\"@context\":\"https:\\\/\\\/schema.org\",\"@graph\":[{\"@type\":\"WebPage\",\"@id\":\"https:\\\/\\\/philsophro.fr\\\/index.php\\\/seance\\\/\",\"url\":\"https:\\\/\\\/philsophro.fr\\\/index.php\\\/seance\\\/\",\"name\":\"S\u00e9ance - Philsophro\",\"isPartOf\":{\"@id\":\"https:\\\/\\\/philsophro.fr\\\/#website\"},\"datePublished\":\"2022-07-19T21:58:52+00:00\",\"dateModified\":\"2022-08-03T12:01:49+00:00\",\"description\":\"Informations sur le d\u00e9roulement d'une s\u00e9ance individuelle ou collective, les r\u00e8gles \u00e0 respecter et les tarifs propos\u00e9s\",\"breadcrumb\":{\"@id\":\"https:\\\/\\\/philsophro.fr\\\/index.php\\\/seance\\\/#breadcrumb\"},\"inLanguage\":\"fr-FR\",\"potentialAction\":[{\"@type\":\"ReadAction\",\"target\":[\"https:\\\/\\\/philsophro.fr\\\/index.php\\\/seance\\\/\"]}]},{\"@type\":\"BreadcrumbList\",\"@id\":\"https:\\\/\\\/philsophro.fr\\\/index.php\\\/seance\\\/#breadcrumb\",\"itemListElement\":[{\"@type\":\"ListItem\",\"position\":1,\"name\":\"Accueil\",\"item\":\"https:\\\/\\\/philsophro.fr\\\/\"},{\"@type\":\"ListItem\",\"position\":2,\"name\":\"S\u00e9ance\"}]},{\"@type\":\"WebSite\",\"@id\":\"https:\\\/\\\/philsophro.fr\\\/#website\",\"url\":\"https:\\\/\\\/philsophro.fr\\\/\",\"name\":\"Philsophro\",\"description\":\"\",\"publisher\":{\"@id\":\"https:\\\/\\\/philsophro.fr\\\/#organization\"},\"potentialAction\":[{\"@type\":\"SearchAction\",\"target\":{\"@type\":\"EntryPoint\",\"urlTemplate\":\"https:\\\/\\\/philsophro.fr\\\/?s={search_term_string}\"},\"query-input\":{\"@type\":\"PropertyValueSpecification\",\"valueRequired\":true,\"valueName\":\"search_term_string\"}}],\"inLanguage\":\"fr-FR\"},{\"@type\":\"Organization\",\"@id\":\"https:\\\/\\\/philsophro.fr\\\/#organization\",\"name\":\"Philsophro\",\"url\":\"https:\\\/\\\/philsophro.fr\\\/\",\"logo\":{\"@type\":\"ImageObject\",\"inLanguage\":\"fr-FR\",\"@id\":\"https:\\\/\\\/philsophro.fr\\\/#\\\/schema\\\/logo\\\/image\\\/\",\"url\":\"https:\\\/\\\/i0.wp.com\\\/philsophro.fr\\\/wp-content\\\/uploads\\\/2019\\\/10\\\/cropped-neve-yoga-logo-2.png?fit=106%2C100&ssl=1\",\"contentUrl\":\"https:\\\/\\\/i0.wp.com\\\/philsophro.fr\\\/wp-content\\\/uploads\\\/2019\\\/10\\\/cropped-neve-yoga-logo-2.png?fit=106%2C100&ssl=1\",\"width\":106,\"height\":100,\"caption\":\"Philsophro\"},\"image\":{\"@id\":\"https:\\\/\\\/philsophro.fr\\\/#\\\/schema\\\/logo\\\/image\\\/\"}}]}<\/script>\n<!-- \/ Yoast SEO plugin. -->","yoast_head_json":{"title":"S\u00e9ance - Philsophro","description":"Informations sur le d\u00e9roulement d'une s\u00e9ance individuelle ou collective, les r\u00e8gles \u00e0 respecter et les tarifs propos\u00e9s","robots":{"index":"index","follow":"follow","max-snippet":"max-snippet:-1","max-image-preview":"max-image-preview:large","max-video-preview":"max-video-preview:-1"},"canonical":"https:\/\/philsophro.fr\/index.php\/seance\/","og_locale":"fr_FR","og_type":"article","og_title":"S\u00e9ance - Philsophro","og_description":"Informations sur le d\u00e9roulement d'une s\u00e9ance individuelle ou collective, les r\u00e8gles \u00e0 respecter et les tarifs propos\u00e9s","og_url":"https:\/\/philsophro.fr\/index.php\/seance\/","og_site_name":"Philsophro","article_modified_time":"2022-08-03T12:01:49+00:00","twitter_card":"summary_large_image","twitter_misc":{"Dur\u00e9e de lecture estim\u00e9e":"1 minute"},"schema":{"@context":"https:\/\/schema.org","@graph":[{"@type":"WebPage","@id":"https:\/\/philsophro.fr\/index.php\/seance\/","url":"https:\/\/philsophro.fr\/index.php\/seance\/","name":"S\u00e9ance - Philsophro","isPartOf":{"@id":"https:\/\/philsophro.fr\/#website"},"datePublished":"2022-07-19T21:58:52+00:00","dateModified":"2022-08-03T12:01:49+00:00","description":"Informations sur le d\u00e9roulement d'une s\u00e9ance individuelle ou collective, les r\u00e8gles \u00e0 respecter et les tarifs propos\u00e9s","breadcrumb":{"@id":"https:\/\/philsophro.fr\/index.php\/seance\/#breadcrumb"},"inLanguage":"fr-FR","potentialAction":[{"@type":"ReadAction","target":["https:\/\/philsophro.fr\/index.php\/seance\/"]}]},{"@type":"BreadcrumbList","@id":"https:\/\/philsophro.fr\/index.php\/seance\/#breadcrumb","itemListElement":[{"@type":"ListItem","position":1,"name":"Accueil","item":"https:\/\/philsophro.fr\/"},{"@type":"ListItem","position":2,"name":"S\u00e9ance"}]},{"@type":"WebSite","@id":"https:\/\/philsophro.fr\/#website","url":"https:\/\/philsophro.fr\/","name":"Philsophro","description":"","publisher":{"@id":"https:\/\/philsophro.fr\/#organization"},"potentialAction":[{"@type":"SearchAction","target":{"@type":"EntryPoint","urlTemplate":"https:\/\/philsophro.fr\/?s={search_term_string}"},"query-input":{"@type":"PropertyValueSpecification","valueRequired":true,"valueName":"search_term_string"}}],"inLanguage":"fr-FR"},{"@type":"Organization","@id":"https:\/\/philsophro.fr\/#organization","name":"Philsophro","url":"https:\/\/philsophro.fr\/","logo":{"@type":"ImageObject","inLanguage":"fr-FR","@id":"https:\/\/philsophro.fr\/#\/schema\/logo\/image\/","url":"https:\/\/i0.wp.com\/philsophro.fr\/wp-content\/uploads\/2019\/10\/cropped-neve-yoga-logo-2.png?fit=106%2C100&ssl=1","contentUrl":"https:\/\/i0.wp.com\/philsophro.fr\/wp-content\/uploads\/2019\/10\/cropped-neve-yoga-logo-2.png?fit=106%2C100&ssl=1","width":106,"height":100,"caption":"Philsophro"},"image":{"@id":"https:\/\/philsophro.fr\/#\/schema\/logo\/image\/"}}]}},"uagb_featured_image_src":{"full":false,"thumbnail":false,"medium":false,"medium_large":false,"large":false,"1536x1536":false,"2048x2048":false,"neve-blog":false,"woocommerce_thumbnail":false,"woocommerce_single":false,"woocommerce_gallery_thumbnail":false},"uagb_author_info":{"display_name":"philippeleleu","author_link":"https:\/\/philsophro.fr\/index.php\/author\/philippeleleu\/"},"uagb_comment_info":0,"uagb_excerpt":"S\u00e9ance La s\u00e9ance individuelle est toujours personnalis\u00e9e et adapt\u00e9e \u00e0 votre probl\u00e9matique et vos objectifs. La premi\u00e8re s\u00e9ance ou s\u00e9ance de d\u00e9couverte va permettre de faire connaissance plus en profondeur. Ce premier dialogue va permettre d&rsquo;exposer votre probl\u00e9matique, de d\u00e9finir vos priorit\u00e9s et permettre ensuite d&rsquo;\u00e9laborer un protocole et un accompagnement pour r\u00e9pondre au mieux&hellip;&nbsp;Lire\u2026","jetpack_sharing_enabled":true,"_links":{"self":[{"href":"https:\/\/philsophro.fr\/index.php\/wp-json\/wp\/v2\/pages\/1641","targetHints":{"allow":["GET"]}}],"collection":[{"href":"https:\/\/philsophro.fr\/index.php\/wp-json\/wp\/v2\/pages"}],"about":[{"href":"https:\/\/philsophro.fr\/index.php\/wp-json\/wp\/v2\/types\/page"}],"author":[{"embeddable":true,"href":"https:\/\/philsophro.fr\/index.php\/wp-json\/wp\/v2\/users\/1"}],"replies":[{"embeddable":true,"href":"https:\/\/philsophro.fr\/index.php\/wp-json\/wp\/v2\/comments?post=1641"}],"version-history":[{"count":29,"href":"https:\/\/philsophro.fr\/index.php\/wp-json\/wp\/v2\/pages\/1641\/revisions"}],"predecessor-version":[{"id":1813,"href":"https:\/\/philsophro.fr\/index.php\/wp-json\/wp\/v2\/pages\/1641\/revisions\/1813"}],"wp:attachment":[{"href":"https:\/\/philsophro.fr\/index.php\/wp-json\/wp\/v2\/media?parent=1641"}],"curies":[{"name":"wp","href":"https:\/\/api.w.org\/{rel}","templated":true}]}}